{"id":1502,"date":"2015-05-22T13:32:33","date_gmt":"2015-05-22T13:32:33","guid":{"rendered":"http:\/\/autumn-breeze.de\/wordpress\/?page_id=1502"},"modified":"2021-10-31T13:30:15","modified_gmt":"2021-10-31T13:30:15","slug":"infothek","status":"publish","type":"page","link":"http:\/\/autumn-breeze.de\/wordpress\/?page_id=1502","title":{"rendered":"Infothek"},"content":{"rendered":"<p><span style=\"font-size: 14pt;\"><strong> Hier m\u00f6chten wir f\u00fcr Sie eine kleine Auswahl an n\u00fctzlichen Informationen rund um den Golden Retriever zur Verf\u00fcgung stellen.<\/strong><\/span><\/p>\n<p><span style=\"font-size: 14pt;\">&#8211; <a href=\"http:\/\/autumn-breeze.de\/wordpress\/?page_id=1493\">Golden Retriever Rasseportrait<\/a><\/span><br \/>\n<span style=\"font-size: 14pt;\"> &#8211; <a href=\"http:\/\/autumn-breeze.de\/wordpress\/?page_id=1893\">Internationaler Rassestandard des Golden Retrievers<\/a><\/span><br \/>\n<span style=\"font-size: 14pt;\"> &#8211; <a href=\"http:\/\/autumn-breeze.de\/wordpress\/?page_id=3989\">Tipps Zum Welpenkauf<\/a><\/span><br \/>\n<span style=\"font-size: 14pt;\"> &#8211; <a href=\"http:\/\/autumn-breeze.de\/wordpress\/?page_id=4085\">Welpenbewegung (Wieviel Bewegung braucht ein Retriever-Welpe?<\/a><\/span><br \/>\n<span style=\"font-size: 14pt;\"> &#8211; <a href=\"http:\/\/autumn-breeze.de\/wordpress\/?page_id=4090\">unsere Buchvorschl\u00e4ge<\/a><\/span><br \/>\n<span style=\"font-size: 14pt;\"> &#8211; <a href=\"http:\/\/autumn-breeze.de\/wordpress\/?page_id=4004\">Einkaufsliste f\u00fcr die Erstausstattung Ihres Welpen<\/a><\/span><\/p>\n<p>&nbsp;<\/p>\n<p>&nbsp;<\/p>\n<p>&nbsp;<\/p>\n<p>&nbsp;<\/p>\n<p>&nbsp;<\/p>\n","protected":false},"excerpt":{"rendered":"<p>Hier m\u00f6chten wir f\u00fcr Sie eine kleine Auswahl an n\u00fctzlichen Informationen rund um den Golden Retriever zur Verf\u00fcgung stellen. &#8211; Golden Retriever Rasseportrait &#8211; Internationaler Rassestandard des Golden Retrievers &#8211; &hellip;<\/p>\n","protected":false},"author":1,"featured_media":12741,"parent":0,"menu_order":0,"comment_status":"open","ping_status":"open","template":"","meta":{"footnotes":""},"class_list":["post-1502","page","type-page","status-publish","has-post-thumbnail","hentry"],"_links":{"self":[{"href":"http:\/\/autumn-breeze.de\/wordpress\/index.php?rest_route=\/wp\/v2\/pages\/1502","targetHints":{"allow":["GET"]}}],"collection":[{"href":"http:\/\/autumn-breeze.de\/wordpress\/index.php?rest_route=\/wp\/v2\/pages"}],"about":[{"href":"http:\/\/autumn-breeze.de\/wordpress\/index.php?rest_route=\/wp\/v2\/types\/page"}],"author":[{"embeddable":true,"href":"http:\/\/autumn-breeze.de\/wordpress\/index.php?rest_route=\/wp\/v2\/users\/1"}],"replies":[{"embeddable":true,"href":"http:\/\/autumn-breeze.de\/wordpress\/index.php?rest_route=%2Fwp%2Fv2%2Fcomments&post=1502"}],"version-history":[{"count":22,"href":"http:\/\/autumn-breeze.de\/wordpress\/index.php?rest_route=\/wp\/v2\/pages\/1502\/revisions"}],"predecessor-version":[{"id":11737,"href":"http:\/\/autumn-breeze.de\/wordpress\/index.php?rest_route=\/wp\/v2\/pages\/1502\/revisions\/11737"}],"wp:featuredmedia":[{"embeddable":true,"href":"http:\/\/autumn-breeze.de\/wordpress\/index.php?rest_route=\/wp\/v2\/media\/12741"}],"wp:attachment":[{"href":"http:\/\/autumn-breeze.de\/wordpress\/index.php?rest_route=%2Fwp%2Fv2%2Fmedia&parent=1502"}],"curies":[{"name":"wp","href":"https:\/\/api.w.org\/{rel}","templated":true}]}}