{"id":174,"date":"2015-01-23T15:21:53","date_gmt":"2015-01-23T15:21:53","guid":{"rendered":"http:\/\/autumn-breeze.de\/wordpress\/?page_id=174"},"modified":"2025-03-20T14:10:59","modified_gmt":"2025-03-20T14:10:59","slug":"a-wurf-01-07-2009","status":"publish","type":"page","link":"http:\/\/autumn-breeze.de\/wordpress\/?page_id=174","title":{"rendered":"A-Wurf"},"content":{"rendered":"<p style=\"text-align: right;\"><span style=\"font-size: 14pt;\"><strong>Autumn Breeze<\/strong> | A-Wurf<\/span><\/p>\n<p style=\"text-align: justify;\"><span style=\"font-size: 14pt;\">Am <strong>01.07.2009<\/strong> sind <strong>Jula<\/strong> (My Winter Paradise Autumn Breeze) und <strong>Hugo<\/strong> (Trekronor Limited Edition) stolze Eltern von 6 R\u00fcden und 3 H\u00fcndinnen geworden. Die Geburt verlief v\u00f6llig komplikationslos. Nach nur 5 Stunden war unser A-Wurf komplett! F\u00fcr uns ist es ein ganz besonderer Wurf, denn 1 H\u00fcndin ist bei uns geblieben. Die kleine Frau Schwarz, die ab sofort auf den Namen Smilla (Autumn Breeze A New Edition) h\u00f6rt, hat uns mit ihrem Charme regelrecht um den Finger gewickelt und uns mit ihrem ausgeglichenen und freundlichen Wesen ziemlich schnell von sich \u00fcberzeugt.<\/span><\/p>\n<p>&nbsp;<\/p>\n<p style=\"text-align: center;\"><span style=\"font-size: 14pt;\"><strong>Die Eltern:<\/strong><\/span><\/p>\n<p style=\"text-align: center;\"><a href=\"http:\/\/autumn-breeze.de\/wordpress\/wp-content\/uploads\/2015\/01\/WP_AWurf_Jula_Kopf.jpg\"><img loading=\"lazy\" decoding=\"async\" class=\"alignnone wp-image-1516 size-large\" src=\"http:\/\/autumn-breeze.de\/wordpress\/wp-content\/uploads\/2015\/01\/WP_AWurf_Jula_Kopf-449x304.jpg\" alt=\" Jula\" width=\"449\" height=\"304\" \/><\/a><strong>\u00a0 <a href=\"http:\/\/autumn-breeze.de\/wordpress\/wp-content\/uploads\/2015\/01\/WP_Mutter_Jula_Standbild.jpg\"><img loading=\"lazy\" decoding=\"async\" class=\"alignnone wp-image-1643 size-large\" src=\"http:\/\/autumn-breeze.de\/wordpress\/wp-content\/uploads\/2015\/01\/WP_Mutter_Jula_Standbild-449x304.jpg\" alt=\" Jula\" width=\"449\" height=\"304\" \/><\/a><br \/>\n<\/strong><\/p>\n<p style=\"text-align: center;\"><span style=\"font-size: 14pt;\"><strong>My Winter Paradise Autumn Breeze<\/strong><\/span><br \/>\n<span style=\"font-size: 14pt;\">&#8222;Jula&#8220;<\/span><\/p>\n<p style=\"text-align: center;\"><span style=\"font-size: 14pt;\">*10.09.2003 &#8211; \u2020 08.04.2019<br \/>\n<\/span><\/p>\n<p style=\"text-align: center;\"><span style=\"font-size: 14pt;\">HD: B\u00a0\u00a0 ED: frei\/frei\u00a0\u00a0 RD\/PRA\/HC: frei<\/span><\/p>\n<p style=\"text-align: center;\"><span style=\"font-size: 14pt;\">Formwert: vorz\u00fcglich<\/span><br \/>\n<span style=\"font-size: 14pt;\"> Pr\u00fcfungen: FdW, BHP-A, DP-A m. S.<\/span><\/p>\n<p style=\"text-align: center;\">\u2665<\/p>\n<p style=\"text-align: center;\"><strong><a href=\"http:\/\/autumn-breeze.de\/wordpress\/wp-content\/uploads\/2015\/01\/WP_Deckruede_AWurf_Hugo_Kopf.jpg\"><img loading=\"lazy\" decoding=\"async\" class=\"alignnone wp-image-1517 size-large\" src=\"http:\/\/autumn-breeze.de\/wordpress\/wp-content\/uploads\/2015\/01\/WP_Deckruede_AWurf_Hugo_Kopf-449x304.jpg\" alt=\" Hugo\" width=\"449\" height=\"304\" \/><\/a><\/strong>\u00a0 <a href=\"http:\/\/autumn-breeze.de\/wordpress\/wp-content\/uploads\/2015\/01\/WP_R\u00fcde_Hugo_Standbild.jpg\"><img loading=\"lazy\" decoding=\"async\" class=\"alignnone wp-image-1644 size-large\" src=\"http:\/\/autumn-breeze.de\/wordpress\/wp-content\/uploads\/2015\/01\/WP_R\u00fcde_Hugo_Standbild-449x304.jpg\" alt=\"Hugo\" width=\"449\" height=\"304\" \/><\/a><\/p>\n<p style=\"text-align: center;\"><span style=\"font-size: 14pt;\"><strong>Trekronor Limited Edition<\/strong><\/span><br \/>\n<span style=\"font-size: 14pt;\">&#8222;Hugo&#8220;<\/span><\/p>\n<p style=\"text-align: center;\"><span style=\"font-size: 14pt;\">*31.01.2006 &#8211; \u2020 04.04.2021<br \/>\n<\/span><\/p>\n<p style=\"text-align: center;\"><span style=\"font-size: 14pt;\">HD: A2\u00a0\u00a0 ED: frei \/ frei\u00a0\u00a0 RD\/PRA\/HC: frei\u00a0\u00a0\u00a0 GR_PRA1: frei<\/span><\/p>\n<p style=\"text-align: center;\"><span style=\"font-size: 14pt;\">Formwert: vorz\u00fcglich<\/span><br \/>\n<span style=\"font-size: 14pt;\"> Pr\u00fcfungen: FdW, BHP-A<\/span><\/p>\n<p style=\"text-align: center;\">\u2665<\/p>\n<p>&nbsp;<\/p>\n<hr \/>\n<p style=\"text-align: center;\">\u00ad<\/p>\n<p style=\"text-align: center;\"><span style=\"font-size: 14pt;\"><strong>\u00a0\u2665\u00a0 Unser A-Wurf stellt sich vor\u00a0 \u2665<br \/>\n<\/strong><\/span><\/p>\n<p style=\"text-align: center;\"><span style=\"font-size: 14pt;\"><strong>\u00a0Die R\u00fcden<\/strong><\/span><\/p>\n<p style=\"text-align: center;\"><a href=\"http:\/\/autumn-breeze.de\/wordpress\/wp-content\/uploads\/2015\/01\/WP_Balu_8W_Kopf.jpg\"><img loading=\"lazy\" decoding=\"async\" class=\"alignnone wp-image-1596 size-medium\" src=\"http:\/\/autumn-breeze.de\/wordpress\/wp-content\/uploads\/2015\/01\/WP_Balu_8W_Kopf-290x220.jpg\" alt=\"Balu\" width=\"290\" height=\"220\" \/><\/a>\u00a0 <a href=\"http:\/\/autumn-breeze.de\/wordpress\/wp-content\/uploads\/2015\/01\/WP_Balu_8W_Stand.jpg\"><img loading=\"lazy\" decoding=\"async\" class=\"alignnone wp-image-1619 size-medium\" src=\"http:\/\/autumn-breeze.de\/wordpress\/wp-content\/uploads\/2015\/01\/WP_Balu_8W_Stand-290x220.jpg\" alt=\"Balu\" width=\"290\" height=\"220\" \/><\/a><\/p>\n<p style=\"text-align: center;\"><span style=\"font-size: 14pt;\"><strong>Autumn Breeze At Once<\/strong><\/span><br \/>\n<span style=\"font-size: 14pt;\">&#8222;<a href=\"http:\/\/autumn-breeze.de\/wordpress\/?page_id=1411\">Balu<\/a>&#8222;<\/span><\/p>\n<p style=\"text-align: center;\"><span style=\"font-size: 14pt;\">geboren um: 0:15 Uhr &#8211; Geburtsgewicht: 340 g<\/span><br \/>\n<span style=\"font-size: 14pt;\"> Wurfmarkierung: <span style=\"color: #0000ff;\">blau<\/span><\/span><br \/>\n<span style=\"font-size: 14pt;\"> Gesundheit: HD: B1\/B1 &#8211; ED: 0\/0<\/span><br \/>\n<span style=\"font-size: 14pt;\"> RD\/PRA\/HC: leider nicht untersucht<br \/>\nverstorben am: 24.04.2024<\/span><\/p>\n<p style=\"text-align: center;\"><span style=\"font-size: 14pt;\">\u2665<\/span><\/p>\n<p style=\"text-align: center;\"><a href=\"http:\/\/autumn-breeze.de\/wordpress\/wp-content\/uploads\/2015\/01\/WP_Hugo_8W_Kopf1.jpg\"><img loading=\"lazy\" decoding=\"async\" class=\"alignnone wp-image-1617 size-medium\" src=\"http:\/\/autumn-breeze.de\/wordpress\/wp-content\/uploads\/2015\/01\/WP_Hugo_8W_Kopf1-290x220.jpg\" alt=\"Hugo\" width=\"290\" height=\"220\" \/><\/a>\u00a0 <a href=\"http:\/\/autumn-breeze.de\/wordpress\/wp-content\/uploads\/2015\/01\/WP_Hugo_8W_Stand.jpg\"><img loading=\"lazy\" decoding=\"async\" class=\"alignnone wp-image-1618 size-medium\" src=\"http:\/\/autumn-breeze.de\/wordpress\/wp-content\/uploads\/2015\/01\/WP_Hugo_8W_Stand-290x220.jpg\" alt=\"Hugo\" width=\"290\" height=\"220\" \/><\/a><\/p>\n<p style=\"text-align: center;\"><span style=\"color: #333333; font-size: 14pt;\"><strong>Autumn Breeze Another Happy Mover<\/strong><\/span><br \/>\n<span style=\"font-size: 14pt;\">&#8222;<a href=\"http:\/\/autumn-breeze.de\/wordpress\/?page_id=1423\">Hugo<\/a>&#8222;<\/span><\/p>\n<p style=\"text-align: center;\"><span style=\"font-size: 14pt;\">geboren um: 23:50 Uhr &#8211; Geburtsgewicht: 400 g<\/span><br \/>\n<span style=\"font-size: 14pt;\"> Wurfmarkierung: <span style=\"color: #ffcc00;\">gelb<\/span><\/span><br \/>\n<span style=\"font-size: 14pt;\"> Gesundheit: HD: A2\/B1 &#8211; ED: 0\/0<\/span><br \/>\n<span style=\"font-size: 14pt;\"> RD\/PRA\/HC: leider nicht untersucht<br \/>\nverstorben am: 29.07.2024<\/span><\/p>\n<p style=\"text-align: center;\">\u2665<\/p>\n<p style=\"text-align: center;\"><a href=\"http:\/\/autumn-breeze.de\/wordpress\/wp-content\/uploads\/2015\/01\/WP_Justus_8W_Kopf1.jpg\"><img loading=\"lazy\" decoding=\"async\" class=\"alignnone wp-image-1620 size-medium\" src=\"http:\/\/autumn-breeze.de\/wordpress\/wp-content\/uploads\/2015\/01\/WP_Justus_8W_Kopf1-290x220.jpg\" alt=\"Justus\" width=\"290\" height=\"220\" \/><\/a>\u00a0 <a href=\"http:\/\/autumn-breeze.de\/wordpress\/wp-content\/uploads\/2015\/01\/WP_Justus_8W_Stand1.jpg\"><img loading=\"lazy\" decoding=\"async\" class=\"alignnone wp-image-1622 size-medium\" src=\"http:\/\/autumn-breeze.de\/wordpress\/wp-content\/uploads\/2015\/01\/WP_Justus_8W_Stand1-290x220.jpg\" alt=\"Justus\" width=\"290\" height=\"220\" \/><\/a><\/p>\n<p style=\"text-align: center;\"><span style=\"color: #333333; font-size: 14pt;\"><strong>Autumn Breeze All Inclusive<\/strong><\/span><br \/>\n<span style=\"font-size: 14pt;\">&#8222;<a href=\"http:\/\/autumn-breeze.de\/wordpress\/?page_id=1468\">Justus<\/a>&#8222;<\/span><\/p>\n<p style=\"text-align: center;\"><span style=\"font-size: 14pt;\">geboren um: 1:30 Uhr &#8211; Geburtsgewicht: 330 g<\/span><br \/>\n<span style=\"font-size: 14pt;\"> Wurfmarkierung: <span style=\"color: #993300;\">braun<\/span><\/span><br \/>\n<span style=\"font-size: 14pt;\"> Gesundheit: HD: A2\/A2 &#8211; ED: 0\/0<\/span><br \/>\n<span style=\"font-size: 14pt;\"> RD\/PRA\/HC: frei<br \/>\nverstorben am: 05.06.2024<\/span><\/p>\n<p style=\"text-align: center;\">\u2665<\/p>\n<p style=\"text-align: center;\"><a href=\"http:\/\/autumn-breeze.de\/wordpress\/wp-content\/uploads\/2015\/01\/WP_Magic_8W_Kopf1.jpg\"><img loading=\"lazy\" decoding=\"async\" class=\"alignnone wp-image-1623 size-medium\" src=\"http:\/\/autumn-breeze.de\/wordpress\/wp-content\/uploads\/2015\/01\/WP_Magic_8W_Kopf1-290x220.jpg\" alt=\"Magic\" width=\"290\" height=\"220\" \/><\/a> <a href=\"http:\/\/autumn-breeze.de\/wordpress\/wp-content\/uploads\/2015\/01\/WP_Magic_8W_Stand.jpg\"><img loading=\"lazy\" decoding=\"async\" class=\"alignnone wp-image-1624 size-medium\" src=\"http:\/\/autumn-breeze.de\/wordpress\/wp-content\/uploads\/2015\/01\/WP_Magic_8W_Stand-290x220.jpg\" alt=\"Magic\" width=\"290\" height=\"220\" \/><\/a><\/p>\n<p style=\"text-align: center;\"><span style=\"font-size: 14pt;\"><strong>Autumn Breeze After Midnight<\/strong><\/span><br \/>\n<span style=\"font-size: 14pt;\">&#8222;<a href=\"http:\/\/autumn-breeze.de\/wordpress\/?page_id=1417\">Magic<\/a>&#8222;<\/span><\/p>\n<p style=\"text-align: center;\"><span style=\"font-size: 14pt;\">geboren um: 22:15 Uhr &#8211; Geburtsgewicht: 370 g<\/span><br \/>\n<span style=\"font-size: 14pt;\"> Wurfmarkierung: <span style=\"color: #ff0000;\">rot<\/span><\/span><br \/>\n<span style=\"font-size: 14pt;\"> Gesundheit: HD: A2\/A2 &#8211; ED: 0\/0<\/span><br \/>\n<span style=\"font-size: 14pt;\"> RD\/PRA\/HC: frei<br \/>\nverstorben am: 06.12.2023<\/span><\/p>\n<p style=\"text-align: center;\">\u2665<\/p>\n<p style=\"text-align: center;\"><a href=\"http:\/\/autumn-breeze.de\/wordpress\/wp-content\/uploads\/2015\/01\/WP_Mika_8W_Kopf1.jpg\"><img loading=\"lazy\" decoding=\"async\" class=\"alignnone wp-image-1625 size-medium\" src=\"http:\/\/autumn-breeze.de\/wordpress\/wp-content\/uploads\/2015\/01\/WP_Mika_8W_Kopf1-290x220.jpg\" alt=\"Mika\" width=\"290\" height=\"220\" \/><\/a> <a href=\"http:\/\/autumn-breeze.de\/wordpress\/wp-content\/uploads\/2015\/01\/WP_Mika_8W_Stand.jpg\"><img loading=\"lazy\" decoding=\"async\" class=\"alignnone wp-image-1626 size-medium\" src=\"http:\/\/autumn-breeze.de\/wordpress\/wp-content\/uploads\/2015\/01\/WP_Mika_8W_Stand-290x220.jpg\" alt=\"Mika\" width=\"290\" height=\"220\" \/><\/a><\/p>\n<p style=\"text-align: center;\"><span style=\"font-size: 14pt;\"><strong>Autumn Breeze A New Adventure<\/strong><\/span><br \/>\n<span style=\"font-size: 14pt;\">&#8222;<a href=\"http:\/\/autumn-breeze.de\/wordpress\/?page_id=1420\">Mika<\/a>&#8222;<\/span><\/p>\n<p style=\"text-align: center;\"><span style=\"font-size: 14pt;\">geboren um: 1:10 Uhr &#8211; Geburtsgewicht: 310 g<\/span><br \/>\n<span style=\"font-size: 14pt;\"> Wurfmarkierung: <span style=\"color: #000000;\">schwarz<\/span><\/span><br \/>\n<span style=\"font-size: 14pt;\"> Gesundheit: HD: A2\/A2 &#8211; ED: 0\/0<\/span><br \/>\n<span style=\"font-size: 12pt;\"><span style=\"font-size: 14pt;\"> RD\/PRA\/HC: frei &#8211; prdc_PRA: frei &#8211; GR_PRA1: frei<\/span><br \/>\n<span style=\"font-size: 14pt;\">verstorben am: 30.04.2019<\/span><br \/>\n<\/span><\/p>\n<p style=\"text-align: center;\">\u2665<\/p>\n<p style=\"text-align: center;\"><a href=\"http:\/\/autumn-breeze.de\/wordpress\/wp-content\/uploads\/2015\/01\/WP_Seven_8W_Kopf1.jpg\"><img loading=\"lazy\" decoding=\"async\" class=\"alignnone wp-image-1627 size-medium\" src=\"http:\/\/autumn-breeze.de\/wordpress\/wp-content\/uploads\/2015\/01\/WP_Seven_8W_Kopf1-290x220.jpg\" alt=\"Seven\" width=\"290\" height=\"220\" \/><\/a> <a href=\"http:\/\/autumn-breeze.de\/wordpress\/wp-content\/uploads\/2015\/01\/WP_Seven_8W_Stand.jpg\"><img loading=\"lazy\" decoding=\"async\" class=\"alignnone wp-image-1628 size-medium\" src=\"http:\/\/autumn-breeze.de\/wordpress\/wp-content\/uploads\/2015\/01\/WP_Seven_8W_Stand-290x220.jpg\" alt=\"Seven\" width=\"290\" height=\"220\" \/><\/a><\/p>\n<p style=\"text-align: center;\"><span style=\"font-size: 14pt;\"><strong>Autumn Breeze A Class Of It&#8217;s Own<\/strong><\/span><br \/>\n<span style=\"font-size: 14pt;\">&#8222;<a href=\"http:\/\/autumn-breeze.de\/wordpress\/?page_id=1414\">Seven<\/a>&#8222;<\/span><\/p>\n<p style=\"text-align: center;\"><span style=\"font-size: 14pt;\">geboren um: 20:25 Uhr &#8211; Geburtsgewicht: 370 g<\/span><br \/>\n<span style=\"font-size: 14pt;\"> Wurfmarkierung: <span style=\"color: #008000;\">gr\u00fcn<\/span><\/span><br \/>\n<span style=\"font-size: 14pt;\"> Gesundheit: HD: A2\/B1 &#8211; ED: 0\/0<\/span><br \/>\n<span style=\"font-size: 14pt;\"> RD\/PRA\/HC: leider nicht untersucht<br \/>\n<\/span><span style=\"font-size: 14pt;\">verstorben am: 22.07.2024<\/span><\/p>\n<p style=\"text-align: center;\">\u2665<\/p>\n<p style=\"text-align: center;\"><span style=\"font-size: 14pt;\"><strong>Die H\u00fcndinnen:<\/strong><\/span><\/p>\n<p style=\"text-align: center;\"><a href=\"http:\/\/autumn-breeze.de\/wordpress\/wp-content\/uploads\/2015\/01\/WP_Amber_8W_Kopf1.jpg\"><img loading=\"lazy\" decoding=\"async\" class=\"alignnone wp-image-1629 size-medium\" src=\"http:\/\/autumn-breeze.de\/wordpress\/wp-content\/uploads\/2015\/01\/WP_Amber_8W_Kopf1-290x220.jpg\" alt=\"Amber\" width=\"290\" height=\"220\" \/><\/a> <a href=\"http:\/\/autumn-breeze.de\/wordpress\/wp-content\/uploads\/2015\/01\/WP_Amber_8W_Stand.jpg\"><img loading=\"lazy\" decoding=\"async\" class=\"alignnone wp-image-1630 size-medium\" src=\"http:\/\/autumn-breeze.de\/wordpress\/wp-content\/uploads\/2015\/01\/WP_Amber_8W_Stand-290x220.jpg\" alt=\"Amber\" width=\"290\" height=\"220\" \/><\/a><\/p>\n<p style=\"text-align: center;\"><span style=\"font-size: 14pt;\"><strong>Autumn Breeze Another Chance<\/strong><\/span><br \/>\n<span style=\"font-size: 14pt;\">&#8222;<a href=\"http:\/\/autumn-breeze.de\/wordpress\/?page_id=1408\">Amber<\/a>&#8222;<\/span><\/p>\n<p style=\"text-align: center;\"><span style=\"font-size: 14pt;\">geboren um: 1:20 Uhr &#8211; Geburtsgewicht: 370 g<\/span><br \/>\n<span style=\"font-size: 14pt;\"> Wurfmarkierung: <span style=\"color: #ff0000;\">rot<\/span><\/span><br \/>\n<span style=\"font-size: 14pt;\"> Gesundheit: HD: A2\/A2 &#8211; ED: 0\/0<\/span><br \/>\n<span style=\"font-size: 12pt;\"><span style=\"font-size: 14pt;\"> RD\/PRA\/H: leider nicht untersucht<\/span><br \/>\n<span style=\"font-size: 14pt;\">verstorben am: 07.11.2019<\/span><br \/>\n<\/span><\/p>\n<p style=\"text-align: center;\">\u2665<\/p>\n<p style=\"text-align: center;\"><a href=\"http:\/\/autumn-breeze.de\/wordpress\/wp-content\/uploads\/2015\/01\/WP_Amy_8W_Kopf1.jpg\"><img loading=\"lazy\" decoding=\"async\" class=\"alignnone wp-image-1631 size-medium\" src=\"http:\/\/autumn-breeze.de\/wordpress\/wp-content\/uploads\/2015\/01\/WP_Amy_8W_Kopf1-290x220.jpg\" alt=\"Amy\" width=\"290\" height=\"220\" \/><\/a> <a href=\"http:\/\/autumn-breeze.de\/wordpress\/wp-content\/uploads\/2015\/01\/WP_Amy_8W_Stand.jpg\"><img loading=\"lazy\" decoding=\"async\" class=\"alignnone wp-image-1632 size-medium\" src=\"http:\/\/autumn-breeze.de\/wordpress\/wp-content\/uploads\/2015\/01\/WP_Amy_8W_Stand-290x220.jpg\" alt=\"Amy\" width=\"290\" height=\"220\" \/><\/a><\/p>\n<p style=\"text-align: center;\"><span style=\"font-size: 14pt;\"><strong>Autumn Breeze A Little Hope<\/strong><\/span><br \/>\n<span style=\"font-size: 14pt;\">&#8222;<a href=\"http:\/\/autumn-breeze.de\/wordpress\/?page_id=1405\">Amy<\/a>&#8222;<\/span><\/p>\n<p style=\"text-align: center;\"><span style=\"font-size: 14pt;\">geboren um: 23:10 Uhr &#8211; Geburtsgewicht: 350 g<\/span><br \/>\n<span style=\"font-size: 14pt;\"> Wurfmarkierung: <span style=\"color: #008000;\">gr\u00fcn<\/span><\/span><br \/>\n<span style=\"font-size: 14pt;\"> Gesundheit: HD: B1\/B2 &#8211; ED: 0\/0<\/span><br \/>\n<span style=\"font-size: 14pt;\"> RD\/PRA\/HC: frei<br \/>\n<\/span><span style=\"font-size: 14pt;\">verstorben am: 29.04.2022<\/span><\/p>\n<p style=\"text-align: center;\">\u2665<\/p>\n<p style=\"text-align: center;\"><a href=\"http:\/\/autumn-breeze.de\/wordpress\/wp-content\/uploads\/2015\/01\/WP_Smilla_8W_Kopf1.jpg\"><img loading=\"lazy\" decoding=\"async\" class=\"alignnone wp-image-1633 size-medium\" src=\"http:\/\/autumn-breeze.de\/wordpress\/wp-content\/uploads\/2015\/01\/WP_Smilla_8W_Kopf1-290x220.jpg\" alt=\"Smilla\" width=\"290\" height=\"220\" \/><\/a> <a href=\"http:\/\/autumn-breeze.de\/wordpress\/wp-content\/uploads\/2015\/01\/WP_Smilla_8W_Stand1.jpg\"><img loading=\"lazy\" decoding=\"async\" class=\"alignnone wp-image-1634 size-medium\" src=\"http:\/\/autumn-breeze.de\/wordpress\/wp-content\/uploads\/2015\/01\/WP_Smilla_8W_Stand1-290x220.jpg\" alt=\"Smilla\" width=\"290\" height=\"220\" \/><\/a><\/p>\n<p style=\"text-align: center;\"><span style=\"font-size: 14pt;\"><strong>Autumn Breeze A New Edition<\/strong><\/span><br \/>\n<span style=\"font-size: 14pt;\">&#8222;<a href=\"http:\/\/autumn-breeze.de\/wordpress\/?page_id=1426\">Smilla<\/a>&#8222;<\/span><\/p>\n<p style=\"text-align: center;\"><span style=\"font-size: 14pt;\">geboren um: 0:40 Uhr &#8211; Geburtsgewicht: 310 g<\/span><br \/>\n<span style=\"font-size: 14pt;\"> Wurfmarkierung: <span style=\"color: #000000;\">schwarz<\/span><\/span><br \/>\n<span style=\"font-size: 14pt;\"> Gesundheit: HD: E2\/E2 &#8211; ED: 0\/0<\/span><br \/>\n<span style=\"font-size: 14pt;\"> RD\/PRA\/HC: frei<br \/>\n<\/span><span style=\"font-size: 14pt;\">v<\/span><span style=\"font-size: 14pt;\">erstorben am: 27.09.2024<\/span><\/p>\n<h3 style=\"text-align: center;\">\u2665<\/h3>\n<hr \/>\n<p style=\"text-align: center;\"><span style=\"font-size: 14pt;\"><strong>Fotos aus der Welpenstube<\/strong><\/span><\/p>\n<p style=\"text-align: center;\"><span style=\"font-size: 14pt;\"><a href=\"https:\/\/autumnbreeze-a-wurf.blogspot.com\/p\/wurfplanung.html\" target=\"_blank\" rel=\"noopener\">Wurfplanung<\/a><br \/>\n<a href=\"https:\/\/autumnbreeze-a-wurf.blogspot.com\/p\/julas-trachtigkeitszeit.html\" target=\"_blank\" rel=\"noopener\">Jula&#8217;s Tr\u00e4chtigkeitszeit<\/a><\/span><br \/>\n<span style=\"font-size: 14pt;\"><a href=\"https:\/\/autumnbreeze-a-wurf.blogspot.com\/p\/unser-wurf-ist-da.html\" target=\"_blank\" rel=\"noopener\">Geburt<\/a><br \/>\n<a href=\"https:\/\/autumnbreeze-a-wurf.blogspot.com\/p\/1-woche.html\" target=\"_blank\" rel=\"noopener\">1. Lebenswoche<\/a><\/span><br \/>\n<span style=\"font-size: 14pt;\"> <a href=\"https:\/\/autumnbreeze-a-wurf.blogspot.com\/p\/2-woche.html\" target=\"_blank\" rel=\"noopener noreferrer\">2. Lebenswoche<\/a><\/span><br \/>\n<span style=\"font-size: 14pt;\"> <a href=\"https:\/\/autumnbreeze-a-wurf.blogspot.com\/p\/3-woche.html\" target=\"_blank\" rel=\"noopener noreferrer\">3. Lebenswoche<\/a><\/span><br \/>\n<a href=\"https:\/\/autumnbreeze-a-wurf.blogspot.com\/p\/4-woche.html\" target=\"_blank\" rel=\"noopener\"><span style=\"font-size: 14pt;\"> 4. Lebenswoche<\/span><\/a><br \/>\n<a href=\"https:\/\/autumnbreeze-a-wurf.blogspot.com\/p\/5-woche.html\" target=\"_blank\" rel=\"noopener\"><span style=\"font-size: 14pt;\"> 5. Lebenswoche<\/span><\/a><br \/>\n<a href=\"https:\/\/autumnbreeze-a-wurf.blogspot.com\/p\/6-woche.html\" target=\"_blank\" rel=\"noopener\"><span style=\"font-size: 14pt;\"> 6. Lebenswoche<\/span><\/a><br \/>\n<a href=\"https:\/\/autumnbreeze-a-wurf.blogspot.com\/p\/7-woche.html\" target=\"_blank\" rel=\"noopener\"><span style=\"font-size: 14pt;\"> 7. Lebenswoche<\/span><\/a><br \/>\n<a href=\"https:\/\/autumnbreeze-a-wurf.blogspot.com\/p\/8-woche.html\" target=\"_blank\" rel=\"noopener\"><span style=\"font-size: 14pt;\"> 8. Lebenswoche<\/span><\/a><br \/>\n<a href=\"https:\/\/autumnbreeze-a-wurf.blogspot.com\/p\/abschied.html\" target=\"_blank\" rel=\"noopener\"><span style=\"font-size: 14pt;\"> Abschied<\/span><\/a><\/p>\n<p style=\"text-align: center;\"><span style=\"font-size: 14pt;\"><strong>Fotos im neuen Zuhause<br \/>\n<\/strong><\/span><\/p>\n<p style=\"text-align: center;\"><span style=\"font-size: 14pt;\"><a href=\"http:\/\/autumnbreeze-a-wurf.blogspot.de\/\" target=\"_blank\" rel=\"noopener noreferrer\">A-Wurf Fotoblog<\/a><\/span><\/p>\n<p style=\"text-align: center;\">\u2665<\/p>\n<p style=\"text-align: center;\"><span style=\"font-size: 14pt;\"><strong>Ahnentafel unseres A-Wurfs<\/strong><\/span><\/p>\n<p style=\"text-align: center;\"><span style=\"font-size: 14pt;\"><a href=\"http:\/\/www.k9data.com\/pedigree.asp?ID=341457\" target=\"_blank\" rel=\"noopener noreferrer\">Pedigree <\/a>(K9data)<\/span><\/p>\n<p style=\"text-align: center;\">\n<table id=\"tablepress-14\" class=\"tablepress tablepress-id-14\">\n<tbody class=\"row-hover\">\n<tr class=\"row-1 odd\">\n\t<td rowspan=\"4\" class=\"column-1\">Trekronor Limtied Edition<\/td><td rowspan=\"2\" class=\"column-2\">Tenfield Border Rambler<\/td><td class=\"column-3\">Rossbourne Just Jamie<\/td>\n<\/tr>\n<tr class=\"row-2 even\">\n\t<td class=\"column-3\">Stanroph Spring Rose at Tenfield<\/td>\n<\/tr>\n<tr class=\"row-3 odd\">\n\t<td rowspan=\"2\" class=\"column-2\">Modbury Rudland Rigg at Trekronor<\/td><td class=\"column-3\">Hayjoy Midnight Heath of Modbury<\/td>\n<\/tr>\n<tr class=\"row-4 even\">\n\t<td class=\"column-3\">Hayjoy Briar of Modbury<\/td>\n<\/tr>\n<tr class=\"row-5 odd\">\n\t<td rowspan=\"4\" class=\"column-1\">My Winter Paradise Autumn Breeze<\/td><td rowspan=\"2\" class=\"column-2\">Kavanagh of Graceful Delight<\/td><td class=\"column-3\">Friendship Classic Tattoo<\/td>\n<\/tr>\n<tr class=\"row-6 even\">\n\t<td class=\"column-3\">Shadowfax Amazing Grace<\/td>\n<\/tr>\n<tr class=\"row-7 odd\">\n\t<td rowspan=\"2\" class=\"column-2\">Wedding Day of Redpine<\/td><td class=\"column-3\">Golden Daydreams Norman Stormarn<\/td>\n<\/tr>\n<tr class=\"row-8 even\">\n\t<td class=\"column-3\">Naughty Naomie of Redpine<\/td>\n<\/tr>\n<\/tbody>\n<\/table>\n<!-- #tablepress-14 from cache --><\/p>\n<p style=\"text-align: center;\"><a href=\"http:\/\/autumn-breeze.de\/wordpress\/wp-content\/uploads\/2021\/10\/Bild_A-Wurf2.jpg\"><img loading=\"lazy\" decoding=\"async\" class=\"alignnone size-full wp-image-12755\" src=\"http:\/\/autumn-breeze.de\/wordpress\/wp-content\/uploads\/2021\/10\/Bild_A-Wurf2.jpg\" alt=\"\" width=\"1300\" height=\"750\" srcset=\"http:\/\/autumn-breeze.de\/wordpress\/wp-content\/uploads\/2021\/10\/Bild_A-Wurf2.jpg 1300w, http:\/\/autumn-breeze.de\/wordpress\/wp-content\/uploads\/2021\/10\/Bild_A-Wurf2-632x365.jpg 632w, http:\/\/autumn-breeze.de\/wordpress\/wp-content\/uploads\/2021\/10\/Bild_A-Wurf2-1020x588.jpg 1020w, http:\/\/autumn-breeze.de\/wordpress\/wp-content\/uploads\/2021\/10\/Bild_A-Wurf2-768x443.jpg 768w, http:\/\/autumn-breeze.de\/wordpress\/wp-content\/uploads\/2021\/10\/Bild_A-Wurf2-382x220.jpg 382w, http:\/\/autumn-breeze.de\/wordpress\/wp-content\/uploads\/2021\/10\/Bild_A-Wurf2-434x250.jpg 434w\" sizes=\"auto, (max-width: 1300px) 100vw, 1300px\" \/><\/a><\/p>\n<p>&nbsp;<\/p>\n","protected":false},"excerpt":{"rendered":"<p>Autumn Breeze | A-Wurf Am 01.07.2009 sind Jula (My Winter Paradise Autumn Breeze) und Hugo (Trekronor Limited Edition) stolze Eltern von 6 R\u00fcden und 3 H\u00fcndinnen geworden. Die Geburt verlief &hellip;<\/p>\n","protected":false},"author":1,"featured_media":12754,"parent":0,"menu_order":0,"comment_status":"open","ping_status":"open","template":"","meta":{"footnotes":""},"class_list":["post-174","page","type-page","status-publish","has-post-thumbnail","hentry"],"_links":{"self":[{"href":"http:\/\/autumn-breeze.de\/wordpress\/index.php?rest_route=\/wp\/v2\/pages\/174","targetHints":{"allow":["GET"]}}],"collection":[{"href":"http:\/\/autumn-breeze.de\/wordpress\/index.php?rest_route=\/wp\/v2\/pages"}],"about":[{"href":"http:\/\/autumn-breeze.de\/wordpress\/index.php?rest_route=\/wp\/v2\/types\/page"}],"author":[{"embeddable":true,"href":"http:\/\/autumn-breeze.de\/wordpress\/index.php?rest_route=\/wp\/v2\/users\/1"}],"replies":[{"embeddable":true,"href":"http:\/\/autumn-breeze.de\/wordpress\/index.php?rest_route=%2Fwp%2Fv2%2Fcomments&post=174"}],"version-history":[{"count":114,"href":"http:\/\/autumn-breeze.de\/wordpress\/index.php?rest_route=\/wp\/v2\/pages\/174\/revisions"}],"predecessor-version":[{"id":15709,"href":"http:\/\/autumn-breeze.de\/wordpress\/index.php?rest_route=\/wp\/v2\/pages\/174\/revisions\/15709"}],"wp:featuredmedia":[{"embeddable":true,"href":"http:\/\/autumn-breeze.de\/wordpress\/index.php?rest_route=\/wp\/v2\/media\/12754"}],"wp:attachment":[{"href":"http:\/\/autumn-breeze.de\/wordpress\/index.php?rest_route=%2Fwp%2Fv2%2Fmedia&parent=174"}],"curies":[{"name":"wp","href":"https:\/\/api.w.org\/{rel}","templated":true}]}}