{"id":180,"date":"2015-01-23T15:23:36","date_gmt":"2015-01-23T15:23:36","guid":{"rendered":"http:\/\/autumn-breeze.de\/wordpress\/?page_id=180"},"modified":"2025-04-08T11:07:53","modified_gmt":"2025-04-08T11:07:53","slug":"c-wurf-12-10-2014","status":"publish","type":"page","link":"http:\/\/autumn-breeze.de\/wordpress\/?page_id=180","title":{"rendered":"C-Wurf"},"content":{"rendered":"<p><span style=\"font-size: 14pt;\"><strong>Autumn Breeze<\/strong> | C-Wurf<\/span><\/p>\n<p style=\"text-align: justify;\"><span style=\"font-size: 14pt;\">Am <strong>12.10.2014<\/strong> sind <strong>Nahla <\/strong>(Autumn Breeze Beautiful Edition) und <strong>Nigel <\/strong>(Frenchy-Boy Du Bois De La Ray\u00e8re) stolze Eltern von 8 zauberhaften Sonntagskindern geworden. Es sind 5 stramme Jungs und 3 s\u00fc\u00dfe H\u00fcndinnen. Nahla brachte ihre Kinder innerhalb von 5 1\/2 Stunden, ohne jegliche Komplikationen, auf die Welt. Die Gewichte der 8 Zwerge konnten sich sehen lassen; der schwerste R\u00fcde brachte ein stolzes Gewicht von 560 Gramm auf die Waage! Nahla zeigte sich von Anfang an als sehr instinktsicher und nimmt ihre Mutterrolle sehr ernst. Sie macht er ihrer Mutter Kelly gleich und k\u00fcmmert sich wirklich sehr liebvoll um ihre kleine Familie.<\/span><\/p>\n<p style=\"text-align: center;\"><span style=\"font-size: 14pt;\">\u00ad<\/span><\/p>\n<p style=\"text-align: center;\"><span style=\"font-size: 14pt;\"><strong>Die Eltern:<\/strong><\/span><\/p>\n<p style=\"text-align: center;\"><a href=\"http:\/\/autumn-breeze.de\/wordpress\/wp-content\/uploads\/2015\/01\/WP_C_Mutter_Kopf1.jpg\"><img loading=\"lazy\" decoding=\"async\" class=\"alignnone wp-image-1719 size-large\" src=\"http:\/\/autumn-breeze.de\/wordpress\/wp-content\/uploads\/2015\/01\/WP_C_Mutter_Kopf1-449x304.jpg\" alt=\"Nahla\" width=\"449\" height=\"304\" \/><\/a><strong>\u00a0 <a href=\"http:\/\/autumn-breeze.de\/wordpress\/wp-content\/uploads\/2015\/01\/WP_C_Mutter_Stand.jpg\"><img loading=\"lazy\" decoding=\"async\" class=\"alignnone wp-image-1720 size-large\" src=\"http:\/\/autumn-breeze.de\/wordpress\/wp-content\/uploads\/2015\/01\/WP_C_Mutter_Stand-449x304.jpg\" alt=\"Nahla\" width=\"449\" height=\"304\" \/><\/a><br \/>\n<\/strong><\/p>\n<p style=\"text-align: center;\"><span style=\"font-size: 14pt;\"><strong>Autumn Breeze Beautiful Edition<\/strong><\/span><br \/>\n<span style=\"font-size: 14pt;\">&#8222;Nahla&#8220;<\/span><\/p>\n<p style=\"text-align: center;\"><span style=\"font-size: 14pt;\">*18.02.2012<\/span><\/p>\n<p style=\"text-align: center;\"><span style=\"font-size: 14pt;\">HD: A2\/B1 \u00a0 ED: frei\/frei\u00a0\u00a0 RD\/PRA\/HC: frei<\/span><br \/>\n<span style=\"font-size: 14pt;\"> GR_PRA1: N\/N (frei)<\/span><br \/>\n<span style=\"font-size: 14pt;\"> GR_PRA2: N\/N\u00a0 (frei)<\/span><br \/>\n<span style=\"font-size: 14pt;\"> ICT-A : N\/ICH (Tr\u00e4ger)<\/span><\/p>\n<p style=\"text-align: center;\"><span style=\"font-size: 14pt;\">Formwert: vorz\u00fcglich<\/span><br \/>\n<span style=\"font-size: 14pt;\"> Pr\u00fcfungen: FdW<\/span><\/p>\n<p style=\"text-align: center;\">\u2665<\/p>\n<p style=\"text-align: center;\"><strong><a href=\"http:\/\/autumn-breeze.de\/wordpress\/wp-content\/uploads\/2015\/01\/WP_C_Ruede_Kopf1.jpg\"><img loading=\"lazy\" decoding=\"async\" class=\"alignnone wp-image-1721 size-large\" src=\"http:\/\/autumn-breeze.de\/wordpress\/wp-content\/uploads\/2015\/01\/WP_C_Ruede_Kopf1-449x304.jpg\" alt=\"Nigel\" width=\"449\" height=\"304\" \/><\/a><\/strong>\u00a0 <a href=\"http:\/\/autumn-breeze.de\/wordpress\/wp-content\/uploads\/2015\/01\/WP_C_Ruede_Stand.jpg\"><img loading=\"lazy\" decoding=\"async\" class=\"alignnone wp-image-1722 size-large\" src=\"http:\/\/autumn-breeze.de\/wordpress\/wp-content\/uploads\/2015\/01\/WP_C_Ruede_Stand-449x304.jpg\" alt=\"Nigel\" width=\"449\" height=\"304\" \/><\/a><\/p>\n<p style=\"text-align: center;\"><span style=\"font-size: 14pt;\"><strong>Frenchy-Boy Du Bois De La Ray\u00e8re<\/strong><\/span><br \/>\n<span style=\"font-size: 14pt;\">&#8222;Nigel&#8220;<\/span><\/p>\n<p style=\"text-align: center;\"><span style=\"font-size: 14pt;\">* 06.08.2010 \u00a0 \u2020 25.08.2020<br \/>\n<\/span><\/p>\n<p style=\"text-align: center;\"><span style=\"font-size: 14pt;\">HD: A2\/A2 \u00a0 ED: frei \/ frei\u00a0\u00a0 RD\/PRA\/HC: frei<\/span><br \/>\n<span style=\"font-size: 14pt;\"> GR_PRA1: N\/N (frei)<\/span><br \/>\n<span style=\"font-size: 14pt;\"> GR_PRA2: N\/N (frei)<\/span><br \/>\n<span style=\"font-size: 14pt;\"> ICT-A: N\/N (frei)<\/span><br \/>\n<span style=\"font-size: 14pt;\"> freiwillige kardiologische Untersuchung: ohne Befund<\/span><\/p>\n<p style=\"text-align: center;\"><span style=\"font-size: 14pt;\">Formwert: vorz\u00fcglich<\/span><br \/>\n<span style=\"font-size: 14pt;\"> Pr\u00fcfungen: FdW, BHP-A, BHP-B<\/span><\/p>\n<p style=\"text-align: center;\">\u2665<\/p>\n<hr \/>\n<p style=\"text-align: center;\"><span style=\"font-size: 14pt;\"><strong>\u2665\u00a0 Unser C-Wurf stellt sich vor:\u00a0\u00a0 \u2665<br \/>\n<\/strong><\/span><\/p>\n<p style=\"text-align: center;\"><span style=\"font-size: 14pt;\"><strong>\u00a0Die R\u00fcden<\/strong><\/span><\/p>\n<p style=\"text-align: center;\"><span style=\"font-size: 14pt;\"><a href=\"http:\/\/autumn-breeze.de\/wordpress\/wp-content\/uploads\/2015\/01\/WP_Bailey_8W_Kopf.jpg\"><img loading=\"lazy\" decoding=\"async\" class=\"alignnone wp-image-1723 size-medium\" src=\"http:\/\/autumn-breeze.de\/wordpress\/wp-content\/uploads\/2015\/01\/WP_Bailey_8W_Kopf-290x220.jpg\" alt=\"Bailey\" width=\"290\" height=\"220\" \/><\/a>\u00a0 <a href=\"http:\/\/autumn-breeze.de\/wordpress\/wp-content\/uploads\/2015\/01\/WP_Bailey_8W_Stand.jpg\"><img loading=\"lazy\" decoding=\"async\" class=\"alignnone wp-image-1724 size-medium\" src=\"http:\/\/autumn-breeze.de\/wordpress\/wp-content\/uploads\/2015\/01\/WP_Bailey_8W_Stand-290x220.jpg\" alt=\"Bailey\" width=\"290\" height=\"220\" \/><\/a><\/span><\/p>\n<p style=\"text-align: center;\"><span style=\"font-size: 14pt;\"><strong>Autumn Breeze Come Closer<\/strong><\/span><br \/>\n<span style=\"font-size: 14pt;\">&#8222;<a href=\"http:\/\/autumn-breeze.de\/wordpress\/?page_id=1465\">Bailey<\/a>&#8222;<\/span><\/p>\n<p style=\"text-align: center;\"><span style=\"font-size: 14pt;\">geboren um: 10:57 Uhr &#8211; Geburtsgewicht: 420 g<\/span><br \/>\n<span style=\"font-size: 14pt;\"> Wurfmarkierung: <span style=\"color: #000000;\">schwarz<\/span><\/span><br \/>\n<span style=\"font-size: 14pt;\"> Gesundheit: HD: A1\/A1 \u00a0 ED: 0\/0<\/span><br \/>\n<span style=\"font-size: 14pt;\"> RD\/PRA\/HC: frei<\/span><br \/>\n<span style=\"font-size: 14pt;\"> GR_PRA1: frei (\u00fcber Erbgang)<\/span><br \/>\n<span style=\"font-size: 14pt;\"> GR_PRA2: frei (\u00fcber Erbgang)<br \/>\nverstorben am: 07.04.2025<\/span><\/p>\n<p style=\"text-align: center;\">\u2665<\/p>\n<p style=\"text-align: center;\"><a href=\"http:\/\/autumn-breeze.de\/wordpress\/wp-content\/uploads\/2015\/01\/WP_Casimir_8W_Kopf.jpg\"><img loading=\"lazy\" decoding=\"async\" class=\"alignnone wp-image-1725 size-medium\" src=\"http:\/\/autumn-breeze.de\/wordpress\/wp-content\/uploads\/2015\/01\/WP_Casimir_8W_Kopf-290x220.jpg\" alt=\"Casimir\" width=\"290\" height=\"220\" \/><\/a>\u00a0 <a href=\"http:\/\/autumn-breeze.de\/wordpress\/wp-content\/uploads\/2015\/01\/WP_Casimir_8W_Stand.jpg\"><img loading=\"lazy\" decoding=\"async\" class=\"alignnone wp-image-1726 size-medium\" src=\"http:\/\/autumn-breeze.de\/wordpress\/wp-content\/uploads\/2015\/01\/WP_Casimir_8W_Stand-290x220.jpg\" alt=\"Casimir\" width=\"290\" height=\"220\" \/><\/a><\/p>\n<p style=\"text-align: center;\"><span style=\"font-size: 14pt;\"><strong>Autumn Breeze Classic Sound<\/strong><\/span><br \/>\n<span style=\"font-size: 14pt;\">&#8222;<a href=\"http:\/\/autumn-breeze.de\/wordpress\/?page_id=1471\">Casimir<\/a>&#8222;<\/span><\/p>\n<p style=\"text-align: center;\"><span style=\"font-size: 14pt;\">geboren um: 15:35 Uhr &#8211; Geburtsgewicht: 510 g<\/span><br \/>\n<span style=\"font-size: 14pt;\"> Markierung: <span style=\"color: #0000ff;\">blau<\/span><\/span><br \/>\n<span style=\"font-size: 14pt;\"> Gesundheit: HD: A1\/A1 &#8211; ED: 1\/1<\/span><br \/>\n<span style=\"font-size: 14pt;\"> RD\/PRA\/HC: frei<\/span><br \/>\n<span style=\"font-size: 14pt;\"> GR_PRA1: frei (\u00fcber Erbgang)<\/span><br \/>\n<span style=\"font-size: 14pt;\"> GR_PRA2: frei (\u00fcber Erbgang)<\/span><\/p>\n<p style=\"text-align: center;\">\u2665<\/p>\n<p style=\"text-align: center;\"><a href=\"http:\/\/autumn-breeze.de\/wordpress\/wp-content\/uploads\/2015\/01\/WP_Justus_8W_Kopf2.jpg\"><img loading=\"lazy\" decoding=\"async\" class=\"alignnone wp-image-1727 size-medium\" src=\"http:\/\/autumn-breeze.de\/wordpress\/wp-content\/uploads\/2015\/01\/WP_Justus_8W_Kopf2-290x220.jpg\" alt=\"Justus\" width=\"290\" height=\"220\" \/><\/a>\u00a0 <a href=\"http:\/\/autumn-breeze.de\/wordpress\/wp-content\/uploads\/2015\/01\/WP_Justus_8W_Stand2.jpg\"><img loading=\"lazy\" decoding=\"async\" class=\"alignnone wp-image-1728 size-medium\" src=\"http:\/\/autumn-breeze.de\/wordpress\/wp-content\/uploads\/2015\/01\/WP_Justus_8W_Stand2-290x220.jpg\" alt=\"Justus\" width=\"290\" height=\"220\" \/><\/a><\/p>\n<p style=\"text-align: center;\"><span style=\"font-size: 14pt;\"><strong>Autumn Breeze Count On Me<\/strong><\/span><br \/>\n<span style=\"font-size: 14pt;\">&#8222;<a href=\"http:\/\/autumn-breeze.de\/wordpress\/?page_id=1429\">Justus<\/a>&#8222;<\/span><\/p>\n<p style=\"text-align: center;\"><span style=\"font-size: 14pt;\">geboren um: 11:50 Uhr &#8211; Geburtsgewicht: 540 g<\/span><br \/>\n<span style=\"font-size: 14pt;\"> Wurfmarkierung: <span style=\"color: #00ccff;\">t\u00fcrkis<\/span><\/span><br \/>\n<span style=\"font-size: 14pt;\"> Gesundheit: HD: leider nicht untersucht &#8211; ED: leider nicht untersucht<\/span><br \/>\n<span style=\"font-size: 14pt;\"> RD\/PRA\/HC: leider nicht untersucht<\/span><br \/>\n<span style=\"font-size: 14pt;\"> GR_PRA1: frei (\u00fcber Erbgang)<\/span><br \/>\n<span style=\"font-size: 14pt;\"> GR_PRA2: frei (\u00fcber Erbgang)<br \/>\nverstorben am: 10.09.2021<br \/>\n<\/span><\/p>\n<p style=\"text-align: center;\">\u2665<\/p>\n<p style=\"text-align: center;\"><a href=\"http:\/\/autumn-breeze.de\/wordpress\/wp-content\/uploads\/2015\/01\/WP_Marlo_8W_Kopf.jpg\"><img loading=\"lazy\" decoding=\"async\" class=\"alignnone wp-image-1729 size-medium\" src=\"http:\/\/autumn-breeze.de\/wordpress\/wp-content\/uploads\/2015\/01\/WP_Marlo_8W_Kopf-290x220.jpg\" alt=\"Marlo\" width=\"290\" height=\"220\" \/><\/a> <a href=\"http:\/\/autumn-breeze.de\/wordpress\/wp-content\/uploads\/2015\/01\/WP_Marlo_8W_Stand.jpg\"><img loading=\"lazy\" decoding=\"async\" class=\"alignnone wp-image-1730 size-medium\" src=\"http:\/\/autumn-breeze.de\/wordpress\/wp-content\/uploads\/2015\/01\/WP_Marlo_8W_Stand-290x220.jpg\" alt=\"Marlo\" width=\"290\" height=\"220\" \/><\/a><\/p>\n<p style=\"text-align: center;\"><span style=\"font-size: 14pt;\"><strong>Autumn Breeze Close To Me<\/strong><\/span><br \/>\n<span style=\"font-size: 14pt;\">&#8222;<a href=\"http:\/\/autumn-breeze.de\/wordpress\/?page_id=1477\">Marlo<\/a>&#8222;<\/span><\/p>\n<p style=\"text-align: center;\"><span style=\"font-size: 14pt;\">geboren um: 13:50 Uhr &#8211; Geburtsgewicht: 430 g<\/span><br \/>\n<span style=\"font-size: 14pt;\"> Wurfmarkierung: <span style=\"color: #99cc00;\">gr\u00fcn<\/span><\/span><br \/>\n<span style=\"font-size: 14pt;\"> Gesundheit: HD: leider nicht untersucht &#8211; ED: leider nicht untersucht<\/span><br \/>\n<span style=\"font-size: 14pt;\"> RD\/PRA\/HC: leider nicht untersucht<\/span><br \/>\n<span style=\"font-size: 14pt;\"> GR_PRA1: frei (\u00fcber Erbgang)<\/span><br \/>\n<span style=\"font-size: 14pt;\"> GR_PRA2: frei (\u00fcber Erbgang)<\/span><\/p>\n<p style=\"text-align: center;\">\u2665<\/p>\n<p style=\"text-align: center;\"><a href=\"http:\/\/autumn-breeze.de\/wordpress\/wp-content\/uploads\/2015\/01\/WP_Mylo_8W_Kopf.jpg\"><img loading=\"lazy\" decoding=\"async\" class=\"alignnone wp-image-1731 size-medium\" src=\"http:\/\/autumn-breeze.de\/wordpress\/wp-content\/uploads\/2015\/01\/WP_Mylo_8W_Kopf-290x220.jpg\" alt=\"Mylo\" width=\"290\" height=\"220\" \/><\/a> <a href=\"http:\/\/autumn-breeze.de\/wordpress\/wp-content\/uploads\/2015\/01\/WP_Mylo_8W_Stand.jpg\"><img loading=\"lazy\" decoding=\"async\" class=\"alignnone wp-image-1732 size-medium\" src=\"http:\/\/autumn-breeze.de\/wordpress\/wp-content\/uploads\/2015\/01\/WP_Mylo_8W_Stand-290x220.jpg\" alt=\"Mylo\" width=\"290\" height=\"220\" \/><\/a><\/p>\n<p style=\"text-align: center;\"><span style=\"font-size: 14pt;\"><strong>Autumn Breeze Cloud Seven<\/strong><\/span><br \/>\n<span style=\"font-size: 14pt;\">&#8222;<a href=\"http:\/\/autumn-breeze.de\/wordpress\/?page_id=1474\">Mylo<\/a>&#8222;<\/span><\/p>\n<p style=\"text-align: center;\"><span style=\"font-size: 14pt;\">geboren um: 15:07 Uhr &#8211; Geburtsgewicht: 560 g<\/span><br \/>\n<span style=\"font-size: 14pt;\"> Wurfmarkierung: <span style=\"color: #993300;\">braun<\/span><\/span><br \/>\n<span style=\"font-size: 14pt;\"> Gesundheit: HD: A2\/A1 &#8211; ED: 0\/0<\/span><br \/>\n<span style=\"font-size: 14pt;\"> RD\/PRA\/HC: leider nicht untersucht<\/span><br \/>\n<span style=\"font-size: 14pt;\"> GR_PRA1: frei (\u00fcber Erbgang)<\/span><br \/>\n<span style=\"font-size: 14pt;\"> GR_PRA2: frei (\u00fcber Erbgang)<\/span><\/p>\n<p style=\"text-align: center;\">\u2665<\/p>\n<p style=\"text-align: center;\"><span style=\"font-size: 14pt;\"><strong>Die H\u00fcndinnen:<\/strong><\/span><\/p>\n<p style=\"text-align: center;\"><a href=\"http:\/\/autumn-breeze.de\/wordpress\/wp-content\/uploads\/2015\/01\/WP_Autumn_8W_Kopf.jpg\"><img loading=\"lazy\" decoding=\"async\" class=\"alignnone wp-image-1733 size-medium\" src=\"http:\/\/autumn-breeze.de\/wordpress\/wp-content\/uploads\/2015\/01\/WP_Autumn_8W_Kopf-290x220.jpg\" alt=\"Autumn\" width=\"290\" height=\"220\" \/><\/a> <a href=\"http:\/\/autumn-breeze.de\/wordpress\/wp-content\/uploads\/2015\/01\/WP_Autumn_8W_Stand.jpg\"><img loading=\"lazy\" decoding=\"async\" class=\"alignnone wp-image-1734 size-medium\" src=\"http:\/\/autumn-breeze.de\/wordpress\/wp-content\/uploads\/2015\/01\/WP_Autumn_8W_Stand-290x220.jpg\" alt=\"Autumn\" width=\"290\" height=\"220\" \/><\/a><\/p>\n<p style=\"text-align: center;\"><span style=\"font-size: 14pt;\"><strong>Autumn Breeze Cover It All<\/strong><\/span><br \/>\n<span style=\"font-size: 14pt;\">&#8222;<a href=\"http:\/\/autumn-breeze.de\/wordpress\/?page_id=1483\">Autumn<\/a>&#8222;<\/span><\/p>\n<p style=\"text-align: center;\"><span style=\"font-size: 14pt;\">geboren um: 10:12 Uhr &#8211; Geburtsgewicht: 500 g<\/span><br \/>\n<span style=\"font-size: 14pt;\"> Wurfmarkierung: <span style=\"color: #ff6600;\">orange<\/span><\/span><br \/>\n<span style=\"font-size: 14pt;\"> Gesundheit: HD: A2\/A2 &#8211;\u00a0 ED: 0\/<\/span><br \/>\n<span style=\"font-size: 14pt;\"> RD\/PRA\/HC: leider nicht untersucht<\/span><br \/>\n<span style=\"font-size: 14pt;\"> GR_PRA1: frei (\u00fcber Erbgang)<\/span><br \/>\n<span style=\"font-size: 14pt;\"> GR_PRA2: frei (\u00fcber Erbgang)<\/span><\/p>\n<p style=\"text-align: center;\">\u2665<\/p>\n<p style=\"text-align: center;\"><a href=\"http:\/\/autumn-breeze.de\/wordpress\/wp-content\/uploads\/2015\/01\/WP_Nelly_8W_Kopf.jpg\"><img loading=\"lazy\" decoding=\"async\" class=\"alignnone wp-image-1735 size-medium\" src=\"http:\/\/autumn-breeze.de\/wordpress\/wp-content\/uploads\/2015\/01\/WP_Nelly_8W_Kopf-290x220.jpg\" alt=\"Nelly\" width=\"290\" height=\"220\" \/><\/a> <a href=\"http:\/\/autumn-breeze.de\/wordpress\/wp-content\/uploads\/2015\/01\/WP_Nelly_8W_Stand.jpg\"><img loading=\"lazy\" decoding=\"async\" class=\"alignnone wp-image-1736 size-medium\" src=\"http:\/\/autumn-breeze.de\/wordpress\/wp-content\/uploads\/2015\/01\/WP_Nelly_8W_Stand-290x220.jpg\" alt=\"Nelly\" width=\"290\" height=\"220\" \/><\/a><\/p>\n<p style=\"text-align: center;\"><span style=\"font-size: 14pt;\"><strong>Autumn Breeze Cross My Heart<\/strong><\/span><br \/>\n<span style=\"font-size: 14pt;\">&#8222;<a href=\"http:\/\/autumn-breeze.de\/wordpress\/?page_id=1486\">Nelly<\/a>&#8222;<\/span><\/p>\n<p style=\"text-align: center;\"><span style=\"font-size: 14pt;\">geboren um: 14:50 Uhr &#8211; Geburtsgewicht: 440 g<\/span><br \/>\n<span style=\"font-size: 14pt;\"> Wurfmarkierung: <span style=\"color: #ff0000;\">rot<\/span><\/span><br \/>\n<span style=\"font-size: 14pt;\"> Gesundheit: HD: A2\/A2 &#8211; ED: 0\/0<\/span><br \/>\n<span style=\"font-size: 14pt;\"> RD\/PRA\/HC: frei<\/span><br \/>\n<span style=\"font-size: 14pt;\"> GR_PRA1: frei (\u00fcber Erbgang)<\/span><br \/>\n<span style=\"font-size: 14pt;\"> GR_PRA2: frei (\u00fcber Erbgang)<br \/>\n<\/span><span style=\"font-size: 14pt;\">verstorben am: 29.10.2024<\/span><\/p>\n<p style=\"text-align: center;\">\u2665<\/p>\n<p style=\"text-align: center;\"><a href=\"http:\/\/autumn-breeze.de\/wordpress\/wp-content\/uploads\/2015\/01\/WP_Paula_8W_Kopf.jpg\"><img loading=\"lazy\" decoding=\"async\" class=\"alignnone wp-image-1737 size-medium\" src=\"http:\/\/autumn-breeze.de\/wordpress\/wp-content\/uploads\/2015\/01\/WP_Paula_8W_Kopf-290x220.jpg\" alt=\"Paula\" width=\"290\" height=\"220\" \/><\/a> <a href=\"http:\/\/autumn-breeze.de\/wordpress\/wp-content\/uploads\/2015\/01\/WP_Paula_8W_Stand.jpg\"><img loading=\"lazy\" decoding=\"async\" class=\"alignnone wp-image-1738 size-medium\" src=\"http:\/\/autumn-breeze.de\/wordpress\/wp-content\/uploads\/2015\/01\/WP_Paula_8W_Stand-290x220.jpg\" alt=\"Paula\" width=\"290\" height=\"220\" \/><\/a><\/p>\n<p style=\"text-align: center;\"><span style=\"font-size: 14pt;\"><strong>Autumn Breeze Could This Be Love<\/strong><\/span><br \/>\n<span style=\"font-size: 14pt;\">&#8222;<a href=\"http:\/\/autumn-breeze.de\/wordpress\/?page_id=1480\">Paula<\/a>&#8222;<\/span><\/p>\n<p style=\"text-align: center;\"><span style=\"font-size: 14pt;\">geboren um: 10:53 Uhr &#8211; Geburtsgewicht: 510 g<\/span><br \/>\n<span style=\"font-size: 14pt;\"> Wurfmarkierung: <span style=\"color: #ffcc00;\">gelb<\/span><\/span><br \/>\n<span style=\"font-size: 14pt;\"> Gesundheit: HD:\u00a0 B1\/A2 &#8211; ED: 0\/0<\/span><br \/>\n<span style=\"font-size: 14pt;\"> RD\/PRA\/HC: leider nicht untersucht<\/span><br \/>\n<span style=\"font-size: 14pt;\"> GR_PRA1: frei (\u00fcber Erbgang)<\/span><br \/>\n<span style=\"font-size: 14pt;\"> GR_PRA2: frei (\u00fcber Erbgang)<\/span><\/p>\n<h3 style=\"text-align: center;\">\u2665<\/h3>\n<hr \/>\n<p style=\"text-align: center;\"><span style=\"font-size: 14pt;\"><strong>Fotos aus der Welpenstube<\/strong><\/span><\/p>\n<p style=\"text-align: center;\"><span style=\"font-size: 14pt;\"><a href=\"http:\/\/autumnbreeze-c-wurf.blogspot.de\/p\/hochzeitsreise.html\" target=\"_blank\" rel=\"noopener noreferrer\">Hochzeitsreise<\/a><\/span><br \/>\n<span style=\"font-size: 14pt;\"><a href=\"http:\/\/autumnbreeze-c-wurf.blogspot.de\/p\/trachtigeitsverlauf.html\" target=\"_blank\" rel=\"noopener noreferrer\">Nahla&#8217;s Tr\u00e4chtigkeitszeit<\/a><\/span><br \/>\n<span style=\"font-size: 14pt;\"><a href=\"http:\/\/autumnbreeze-c-wurf.blogspot.de\/2014\/10\/1-lebenswoche.html\" target=\"_blank\" rel=\"noopener noreferrer\">1. Lebenswoche<\/a><\/span><br \/>\n<span style=\"font-size: 14pt;\"><a href=\"http:\/\/autumnbreeze-c-wurf.blogspot.de\/2014\/10\/2-lebenswoche.html\" target=\"_blank\" rel=\"noopener noreferrer\">2. Lebenswoche<\/a><\/span><br \/>\n<span style=\"font-size: 14pt;\"><a href=\"http:\/\/autumnbreeze-c-wurf.blogspot.de\/2014\/10\/3-lebenswoche.html\" target=\"_blank\" rel=\"noopener noreferrer\">3. Lebenswoche<\/a><\/span><br \/>\n<span style=\"font-size: 14pt;\"><a href=\"http:\/\/autumnbreeze-c-wurf.blogspot.de\/2014\/11\/4-lebenswoche.html\" target=\"_blank\" rel=\"noopener noreferrer\">4. Lebenswoche<\/a><\/span><br \/>\n<span style=\"font-size: 14pt;\"><a href=\"http:\/\/autumnbreeze-c-wurf.blogspot.de\/2014\/11\/5-lebenswoche.html\" target=\"_blank\" rel=\"noopener noreferrer\">5. Lebenswoche<\/a><\/span><br \/>\n<span style=\"font-size: 14pt;\"><a href=\"http:\/\/autumnbreeze-c-wurf.blogspot.de\/2014\/11\/6-lebenswoche.html\" target=\"_blank\" rel=\"noopener noreferrer\">6. Lebenswoche<\/a><\/span><br \/>\n<span style=\"font-size: 14pt;\"><a href=\"http:\/\/autumnbreeze-c-wurf.blogspot.de\/2014\/11\/7-lebenswoche.html\" target=\"_blank\" rel=\"noopener noreferrer\">7. Lebenswoche<\/a><\/span><br \/>\n<span style=\"font-size: 14pt;\"><a href=\"http:\/\/autumnbreeze-c-wurf.blogspot.de\/2014\/12\/8-lebenswoche.html\" target=\"_blank\" rel=\"noopener noreferrer\">8. Lebenswoche<\/a><\/span><br \/>\n<span style=\"font-size: 14pt;\"><a href=\"http:\/\/autumnbreeze-c-wurf.blogspot.de\/2014\/12\/abschied.html\" target=\"_blank\" rel=\"noopener noreferrer\">Abschied<\/a><\/span><\/p>\n<p style=\"text-align: center;\"><span style=\"font-size: 14pt;\"><strong>Fotos im neuen Zuhause<br \/>\n<\/strong><\/span><\/p>\n<p style=\"text-align: center;\"><span style=\"font-size: 14pt;\"><a href=\"http:\/\/autumnbreeze-c-wurf.blogspot.de\/\" target=\"_blank\" rel=\"noopener noreferrer\">C-Wurf Blog<\/a><\/span><\/p>\n<p style=\"text-align: center;\">\u2665<\/p>\n<hr \/>\n<p style=\"text-align: center;\"><span style=\"font-size: 14pt;\"><strong>Ahnentafel unseres C-Wurfes<\/strong><\/span><\/p>\n<p style=\"text-align: center;\"><span style=\"font-size: 14pt;\"><a href=\"http:\/\/k9data.com\/pedigree.asp?ID=666716\" target=\"_blank\" rel=\"noopener noreferrer\">Pedigree<\/a> (k9data)<\/span><\/p>\n<p style=\"text-align: center;\">\n<table id=\"tablepress-15\" class=\"tablepress tablepress-id-15\">\n<tbody class=\"row-hover\">\n<tr class=\"row-1 odd\">\n\t<td rowspan=\"4\" class=\"column-1\">Frenchy-Boy Du Bois De La Ray\u00e8re<\/td><td rowspan=\"2\" class=\"column-2\">Ramchaine Snap To Jako's<\/td><td class=\"column-3\">Lochtaymor King Of Diamonds<\/td>\n<\/tr>\n<tr class=\"row-2 even\">\n\t<td class=\"column-3\">Remington Requisite of Ramchaine<\/td>\n<\/tr>\n<tr class=\"row-3 odd\">\n\t<td rowspan=\"2\" class=\"column-2\">Bouquet Imperial Du Bois De La Ray\u00e8re<\/td><td class=\"column-3\">Taram Du Bois De La Ray\u00e8re<\/td>\n<\/tr>\n<tr class=\"row-4 even\">\n\t<td class=\"column-3\">Thommy Girl Du Bois De La Ray\u00e8re<\/td>\n<\/tr>\n<tr class=\"row-5 odd\">\n\t<td rowspan=\"4\" class=\"column-1\">Autumn Breeze Beautiful Edition<\/td><td rowspan=\"2\" class=\"column-2\">Dainty\u2019s Foreign Currency<\/td><td class=\"column-3\">Ritzilyn Brandon<\/td>\n<\/tr>\n<tr class=\"row-6 even\">\n\t<td class=\"column-3\">Dainty\u2019s Flame of Fame<\/td>\n<\/tr>\n<tr class=\"row-7 odd\">\n\t<td rowspan=\"2\" class=\"column-2\">My Winter Paradise English Love Affair<\/td><td class=\"column-3\">Tenfield Border Rambler<\/td>\n<\/tr>\n<tr class=\"row-8 even\">\n\t<td class=\"column-3\">Wedding Day of Redpine<\/td>\n<\/tr>\n<\/tbody>\n<\/table>\n<!-- #tablepress-15 from cache --><\/p>\n<p style=\"text-align: center;\"><a href=\"http:\/\/autumn-breeze.de\/wordpress\/wp-content\/uploads\/2021\/10\/Bild_C-Wurf-aJPG.jpg\"><img loading=\"lazy\" decoding=\"async\" class=\"alignnone size-full wp-image-12764\" src=\"http:\/\/autumn-breeze.de\/wordpress\/wp-content\/uploads\/2021\/10\/Bild_C-Wurf-aJPG.jpg\" alt=\"\" width=\"1299\" height=\"750\" srcset=\"http:\/\/autumn-breeze.de\/wordpress\/wp-content\/uploads\/2021\/10\/Bild_C-Wurf-aJPG.jpg 1299w, http:\/\/autumn-breeze.de\/wordpress\/wp-content\/uploads\/2021\/10\/Bild_C-Wurf-aJPG-632x365.jpg 632w, http:\/\/autumn-breeze.de\/wordpress\/wp-content\/uploads\/2021\/10\/Bild_C-Wurf-aJPG-1020x589.jpg 1020w, http:\/\/autumn-breeze.de\/wordpress\/wp-content\/uploads\/2021\/10\/Bild_C-Wurf-aJPG-768x443.jpg 768w, http:\/\/autumn-breeze.de\/wordpress\/wp-content\/uploads\/2021\/10\/Bild_C-Wurf-aJPG-382x221.jpg 382w, http:\/\/autumn-breeze.de\/wordpress\/wp-content\/uploads\/2021\/10\/Bild_C-Wurf-aJPG-434x250.jpg 434w\" sizes=\"auto, (max-width: 1299px) 100vw, 1299px\" \/><\/a><\/p>\n<p>\u00ad<\/p>\n<hr \/>\n","protected":false},"excerpt":{"rendered":"<p>Autumn Breeze | C-Wurf Am 12.10.2014 sind Nahla (Autumn Breeze Beautiful Edition) und Nigel (Frenchy-Boy Du Bois De La Ray\u00e8re) stolze Eltern von 8 zauberhaften Sonntagskindern geworden. Es sind 5 &hellip;<\/p>\n","protected":false},"author":1,"featured_media":12763,"parent":0,"menu_order":0,"comment_status":"open","ping_status":"open","template":"","meta":{"footnotes":""},"class_list":["post-180","page","type-page","status-publish","has-post-thumbnail","hentry"],"_links":{"self":[{"href":"http:\/\/autumn-breeze.de\/wordpress\/index.php?rest_route=\/wp\/v2\/pages\/180","targetHints":{"allow":["GET"]}}],"collection":[{"href":"http:\/\/autumn-breeze.de\/wordpress\/index.php?rest_route=\/wp\/v2\/pages"}],"about":[{"href":"http:\/\/autumn-breeze.de\/wordpress\/index.php?rest_route=\/wp\/v2\/types\/page"}],"author":[{"embeddable":true,"href":"http:\/\/autumn-breeze.de\/wordpress\/index.php?rest_route=\/wp\/v2\/users\/1"}],"replies":[{"embeddable":true,"href":"http:\/\/autumn-breeze.de\/wordpress\/index.php?rest_route=%2Fwp%2Fv2%2Fcomments&post=180"}],"version-history":[{"count":34,"href":"http:\/\/autumn-breeze.de\/wordpress\/index.php?rest_route=\/wp\/v2\/pages\/180\/revisions"}],"predecessor-version":[{"id":15816,"href":"http:\/\/autumn-breeze.de\/wordpress\/index.php?rest_route=\/wp\/v2\/pages\/180\/revisions\/15816"}],"wp:featuredmedia":[{"embeddable":true,"href":"http:\/\/autumn-breeze.de\/wordpress\/index.php?rest_route=\/wp\/v2\/media\/12763"}],"wp:attachment":[{"href":"http:\/\/autumn-breeze.de\/wordpress\/index.php?rest_route=%2Fwp%2Fv2%2Fmedia&parent=180"}],"curies":[{"name":"wp","href":"https:\/\/api.w.org\/{rel}","templated":true}]}}