{"id":184,"date":"2015-01-23T15:23:54","date_gmt":"2015-01-23T15:23:54","guid":{"rendered":"http:\/\/autumn-breeze.de\/wordpress\/?page_id=184"},"modified":"2020-11-09T13:30:16","modified_gmt":"2020-11-09T13:30:16","slug":"impressum","status":"publish","type":"page","link":"http:\/\/autumn-breeze.de\/wordpress\/?page_id=184","title":{"rendered":"Impressum"},"content":{"rendered":"<p style=\"text-align: justify;\"><span style=\"font-size: 14pt;\">Angaben gem\u00e4\u00df \u00a7 5 Telemediengesetz (TMG)<\/span><\/p>\n<p style=\"text-align: justify;\"><span style=\"font-size: 14pt;\">Nicole und Maik Schneidereit<\/span><br \/>\n<span style=\"font-size: 14pt;\"> 33813 Oerlinghausen<\/span><\/p>\n<p style=\"text-align: justify;\"><span style=\"font-size: 14pt;\">Kontakt<\/span><br \/>\n<span style=\"font-size: 14pt;\"> Telefon: (05202) 918442<\/span><br \/>\n<span style=\"font-size: 14pt;\"> E-mail: info@autumnbreeze.de<\/span><\/p>\n<p style=\"text-align: justify;\"><span style=\"font-size: 14pt;\">Verantwortlich f\u00fcr den Inhalt ist gem\u00e4\u00df \u00a7 55 Abs. 2 RstV.:<\/span><\/p>\n<p style=\"text-align: justify;\"><span style=\"font-size: 14pt;\">Nicole und Maik Schneidereit<\/span><br \/>\n<span style=\"font-size: 14pt;\"> 33813 Oerlinghausen<\/span><\/p>\n<p style=\"text-align: justify;\"><span style=\"font-size: 14pt;\"><strong>Haftungsausschlu\u00df<\/strong><\/span><\/p>\n<p style=\"text-align: justify;\"><span style=\"font-size: 14pt;\">S\u00e4mtliche Inhalte unserer Internetseiten sind mit gr\u00f6\u00dftm\u00f6glicher Sorgfalt erstellt worden. Dennoch ist es uns nicht m\u00f6glich eine Gew\u00e4hr daf\u00fcr zu \u00fcbernehmen, dass diese Inhalte richtig, vollst\u00e4ndig und aktuell sind. Wir sind gem\u00e4\u00df \u00a7 7 Abs. 1 TMG f\u00fcr die eigenen Inhalte auf unseren Internetseiten verantwortlich. Gem\u00e4\u00df den \u00a7\u00a7 8, 9 und 10 TMG besteht f\u00fcr uns allerdings keine Verpflichtung, dass wir Informationen von Dritten, die \u00fcbermittelt oder gespeichert wurden, \u00fcberwachen oder Umst\u00e4nde ausforschen m\u00fcssten, die Hinweise auf nicht rechtm\u00e4\u00dfige Hinweise ergeben. Davon nicht ber\u00fchrt, ist unsere Verpflichtung zur Sperrung oder Entfernung von Informationen, welche uns von den allgemeinen Gesetzen auferlegt wird. Wir haften allerdings insoweit erst in dem Moment, in dem wir von einer korrekten Verletzung von Rechten Kenntnis erlangen. Wenn wir von solch einer Verletzung von Rechten Kenntnis erlangen, wird eine unverz\u00fcgliche Entfernung der entsprechenden Inhalte erfolgen.<\/span><\/p>\n<p style=\"text-align: justify;\"><span style=\"font-size: 14pt;\"><strong>Haftung f\u00fcr Links<\/strong><\/span><\/p>\n<p style=\"text-align: justify;\"><span style=\"font-size: 14pt;\">Unsere Internetseiten enthalten Links, die zu externen Internetseiten zu Dritten f\u00fchren. Auf die Inhalte dieser externen Seiten haben wir keine Einflussm\u00f6glichkeiten. Es ist uns daher nicht m\u00f6glich, eine Gew\u00e4hr f\u00fcr diese Inhalte zu \u00fcbernehmen. Die Verantwortung daf\u00fcr hat immer der jeweilige Betreiber \/ Anbieter der entsprechenden Internetseiten. Wir \u00fcberpr\u00fcfen die von uns verlinkten Internetseiten zum Zeitpunkt der Verlinkung auf einen m\u00f6glichen Rechtsversto\u00df. Die Verlikung kommt nur dann zustande, wenn ein rechtswiedriger Inhalt zu diesem Zeitpunkt nicht erkennbar ist. Es kann uns jedoch, ohnen einen konkreten Anhaltspunkt, nicht zugemutet werden, st\u00e4ndig die verlinkten Internetseiten inhaltlich zu kontrollieren. Wenn wir jedoch von einer Rechtsverletzung Kenntnis erlange, werden wir den entsprechenden Link unverz\u00fcglich entfernen.<\/span><\/p>\n<p style=\"text-align: justify;\"><span style=\"font-size: 14pt;\"><strong>Urheberrecht<\/strong><\/span><\/p>\n<p style=\"text-align: justify;\"><span style=\"font-size: 14pt;\">Die auf unseren Internetseiten enthaltenen Werke und Inhalte unstersehen dem Urheberrecht. Ohne schriftliche Genehmigung des jeweiligen Erstellers oder Autors, d\u00fcrfen die Inhalte oder Werke nicht vervielf\u00e4ltigt, verarbeitet, verbreitet und verwertet werden. Das Herunterladen oder Kopieren unserer Internetseiten ist f\u00fcr den privaten Gebrauch erlaubt, nicht jedoch f\u00fcr den kommerziellen. Wir weisen darauf hin, dass hinsichtlich der Inhalte auf unseren Internetseiten, soweit sie nicht von uns erstellt worden sind, das Urheberrecht von Dritten beachtet wurde. Inhalte von Dritten erhalten als solche eine Kennzeichnung von uns. Wir w\u00e4ren Ihnen dankbar, wenn Sie uns einen Hinweis erteilen w\u00fcrden, falls Sie trotzdem auf eine Urheberrechtsverletzung gesto\u00dfen sind. Wenn wir von solch einer Urheberrechtsverletzung Kenntnis erlangen, werden wir den entsprechenden Inhalt unverz\u00fcglich entfernen.<\/span><\/p>\n<p style=\"text-align: justify;\"><span style=\"font-size: 14pt;\"><strong>Datenschutz<\/strong><\/span><\/p>\n<p style=\"text-align: justify;\"><span style=\"font-size: 14pt;\">Unsere Internetseite kann regelm\u00e4\u00dfig ohne die Angabe von personenbezogenen Daten genutzt werden. Falls solche Daten (z. B. Name, Adresse oder E-Mail), doch erhoben werden sollten, geschieht das, weitestgehend m\u00f6glich, freiwillig. Eine Weitergabe dieser Daten darf nur dann erfolgen, wenn sie ausdr\u00fccklich zustimmen.<\/span><\/p>\n<p style=\"text-align: justify;\"><span style=\"font-size: 14pt;\">Die \u00dcbertragung von Daten im Internet kann Sicherheitsl\u00fccken beinhalten. Es ist daher m\u00f6glich, dass Dritte Zugriff auf diese Daten erlangen. Ein l\u00fcckenloser Schutz ist nicht m\u00f6glich.<\/span><\/p>\n<p style=\"text-align: justify;\"><span style=\"font-size: 14pt;\">Wir widersprechen an dieser Stelle der Nutzung unserer Kontaktdaten, die wir im Impressum ver\u00f6ffentlicht haben, durch Dritte, die uns damit nicht verlangte Werbung \/ Spam-Mails zukommen lassen oder zukommen lassen wollen. Sollte dies doch geschehen, behalten wir uns rechtliche Schritte dagegen vor.<\/span><\/p>\n<p style=\"text-align: justify;\"><span style=\"font-size: 14pt;\">Angabe der Quelle: flegl-rechtsanwaelte.de<\/span><\/p>\n","protected":false},"excerpt":{"rendered":"<p>Angaben gem\u00e4\u00df \u00a7 5 Telemediengesetz (TMG) Nicole und Maik Schneidereit 33813 Oerlinghausen Kontakt Telefon: (05202) 918442 E-mail: info@autumnbreeze.de Verantwortlich f\u00fcr den Inhalt ist gem\u00e4\u00df \u00a7 55 Abs. 2 RstV.: Nicole &hellip;<\/p>\n","protected":false},"author":1,"featured_media":2282,"parent":0,"menu_order":0,"comment_status":"open","ping_status":"open","template":"","meta":{"footnotes":""},"class_list":["post-184","page","type-page","status-publish","has-post-thumbnail","hentry"],"_links":{"self":[{"href":"http:\/\/autumn-breeze.de\/wordpress\/index.php?rest_route=\/wp\/v2\/pages\/184","targetHints":{"allow":["GET"]}}],"collection":[{"href":"http:\/\/autumn-breeze.de\/wordpress\/index.php?rest_route=\/wp\/v2\/pages"}],"about":[{"href":"http:\/\/autumn-breeze.de\/wordpress\/index.php?rest_route=\/wp\/v2\/types\/page"}],"author":[{"embeddable":true,"href":"http:\/\/autumn-breeze.de\/wordpress\/index.php?rest_route=\/wp\/v2\/users\/1"}],"replies":[{"embeddable":true,"href":"http:\/\/autumn-breeze.de\/wordpress\/index.php?rest_route=%2Fwp%2Fv2%2Fcomments&post=184"}],"version-history":[{"count":7,"href":"http:\/\/autumn-breeze.de\/wordpress\/index.php?rest_route=\/wp\/v2\/pages\/184\/revisions"}],"predecessor-version":[{"id":11736,"href":"http:\/\/autumn-breeze.de\/wordpress\/index.php?rest_route=\/wp\/v2\/pages\/184\/revisions\/11736"}],"wp:featuredmedia":[{"embeddable":true,"href":"http:\/\/autumn-breeze.de\/wordpress\/index.php?rest_route=\/wp\/v2\/media\/2282"}],"wp:attachment":[{"href":"http:\/\/autumn-breeze.de\/wordpress\/index.php?rest_route=%2Fwp%2Fv2%2Fmedia&parent=184"}],"curies":[{"name":"wp","href":"https:\/\/api.w.org\/{rel}","templated":true}]}}