{"id":4085,"date":"2016-01-25T14:49:05","date_gmt":"2016-01-25T14:49:05","guid":{"rendered":"http:\/\/autumn-breeze.de\/wordpress\/?page_id=4085"},"modified":"2021-10-31T13:44:14","modified_gmt":"2021-10-31T13:44:14","slug":"welpenbewegung","status":"publish","type":"page","link":"http:\/\/autumn-breeze.de\/wordpress\/?page_id=4085","title":{"rendered":"Welpenbewegung"},"content":{"rendered":"<div id=\"content\" class=\"container \">\n<div class=\"sixteen columns\">\n<div class=\"row\">\n<div class=\"eleven columns alpha contextual-links-region\">\n<div class=\"region region-content\">\n<div id=\"block-system-main\" class=\"block block-system\">\n<div class=\"content\">\n<div id=\"node-115\" class=\"node node-page clearfix\">\n<p><span style=\"font-size: 14pt;\"><strong>Wieviel Bewegung braucht unser Retriever-Welpe?<\/strong><\/span><\/p>\n<div class=\"content\">\n<div class=\"field field-name-body field-type-text-with-summary field-label-hidden\">\n<div class=\"field-items\">\n<div class=\"field-item even\">\n<p style=\"text-align: justify;\"><span style=\"font-size: 14pt;\">Ausgehend vom Urahnen Wolf sollte man sich vor Augen halten, dass der Junghund erst etwa im Alter von 8 bis 9 Monaten beginnt, das Rudel auf gr\u00f6\u00dferen Streifz\u00fcgen zu begleiten. Bis dahin besteht der Tagesablauf aus kurzen Bewegungsintervallen mit gr\u00f6\u00dferen Schlaf- und Ruhepausen.<\/span><\/p>\n<p style=\"text-align: justify;\"><span style=\"font-size: 14pt;\">Unsere Welpen hingegen werden (ganz anders als der Wolf) mit hochkalorischem (sehr energiereichem) Futter ern\u00e4hrt und geraten daher oft in einen erheblichen Energie\u00fcberschuss und Bewegungsdrang, den der Besitzer nur mit ausgiebigen Spazierg\u00e4ngen zu befriedigen k\u00f6nnen glaubt. Dies f\u00fchrt in einen Teufelskreis, da der Junghund durch viel Bewegung nat\u00fcrlich immer bessere Kondition erh\u00e4lt, sprich, immer l\u00e4ngere Spazierg\u00e4nge ben\u00f6tigt, damit er endlich mal m\u00fcde ist.<\/span><\/p>\n<p style=\"text-align: justify;\"><span style=\"font-size: 14pt;\">Es gibt tats\u00e4chlich Hundebesitzer, die mit einem 6 Monate alten, 30 kg schweren Junghund t\u00e4glich 3 Mal eine Stunde spazieren gehen und zus\u00e4tzlich eine Stunde &#8222;Spielgruppe&#8220; erlauben (damit sich der Kleine auch ordentlich sozialisiert).<\/span><\/p>\n<p style=\"text-align: justify;\"><span style=\"font-size: 14pt;\">Die Kombination &#8222;gute&#8220; F\u00fctterung (h\u00e4ufig gleichzusetzen mit \u00dcbergewicht) und viel zu starke k\u00f6rperliche Beanspruchung sind allerdings &#8211; nat\u00fcrlich neben einer genetischen Disposition &#8211; mit ein Grund daf\u00fcr, dass sich bei gro\u00dfw\u00fcchsigen Rassen in diesem Alter degenerative Gelenksprobleme (HD\/ED\/OCD) entwickeln k\u00f6nnen, die dem Hund u. U. ein Leben lang Probleme bescheren.<\/span><\/p>\n<p style=\"text-align: justify;\"><span style=\"font-size: 14pt;\">Hier das richtige Ma\u00df zu finden, stellt f\u00fcr viele Besitzer ein gro\u00dfes Problem dar. Nat\u00fcrlich gibt es auch keine Pauschalregeln wie 5, 15 oder 30 Minuten. Schon gar nicht kann man auf den Hund h\u00f6ren nach dem Motto &#8222;der wei\u00df schon, wann er genug hat&#8230;&#8220;; denn die meisten Welpen werden durch ihren Spieltrieb, ihr Temperament u. a. dazu getrieben, sich weit \u00fcber ihre eigentliche Belastungsgrenze hinaus anzustrengen.<\/span><\/p>\n<p style=\"text-align: justify;\"><span style=\"font-size: 14pt;\">In jedem Falle gilt aber, dass man einen Hund (gro\u00dfw\u00fcchsiger Rassen mit Tendenz zu Gelenksproblemen) bis zu 12 Monaten eigentlich nicht zu wenig, sondern nur zu viel bewegen kann.<\/span><\/p>\n<p style=\"text-align: justify;\"><span style=\"font-size: 14pt;\">Den Einwand, ein Welpe m\u00fcsste sich schlie\u00dflich sozialisieren und hierf\u00fcr w\u00e4ren ausgiebige Welpenspielstunden geradezu ideal, kann man mit Blick auf die Entwicklungsphasen eines Welpen getrost vergessen, da sich in puncto Sozialisierung nach der 16. Woche nicht mehr viel tut. Das Einschr\u00e4nken dieser auf Hundepl\u00e4tzen weit verbreiteten &#8222;Tobe-Orgien&#8220; muss auch nicht bedeuten, dem Junghund jeglichen Kontakt mit anderen Hunden zu verbieten. Allerdings sollte dieser dosiert und durchdacht erfolgen und nicht haupts\u00e4chlich dazu dienen, dass Herrchen und Frauchen in Ruhe den neuesten Klatsch austauschen k\u00f6nnen.<\/span><\/p>\n<p style=\"text-align: justify;\"><span style=\"font-size: 14pt;\">Umfangreiche wissenschaftliche Studien zum Thema HD\/ED haben gezeigt, dass man bei genetisch schlecht veranlagten Hunden durch strikte Bewegungseinschr\u00e4nkung in Kombination mit entsprechender F\u00fctterung die Entwicklung von Gelenksproblemen verhindern oder zumindest stark reduzieren kann.<\/span><\/p>\n<p style=\"text-align: justify;\"><span style=\"font-size: 14pt;\"><strong>Kurz:<\/strong> Die meisten Welpen gro\u00dfw\u00fcchsiger Rassen werden von ihren Besitzern im 1. Lebensjahr in puncto Bewegung unwissentlich massiv \u00fcberbeansprucht. Ich pers\u00f6nlich halte einen 20-min\u00fctigen, flotten Spaziergang im ersten Lebensjahr schon eher f\u00fcr lang.<\/span><\/p>\n<p><span style=\"font-size: 14pt;\">Dr. med. vet. <a href=\"mailto:info@kt-iffezheim.de\">Susanne Wisniewski<\/a><\/span><br \/>\n<span style=\"font-size: 14pt;\"> <a href=\"http:\/\/www.kt-iffezheim.de\/\">Kleintierklinik in Iffezheim<\/a><\/span><br \/>\n<span style=\"font-size: 14pt;\"> An der Rennbahn 16a<\/span><br \/>\n<span style=\"font-size: 14pt;\"> 76473 Iffezheim<\/span><\/p>\n<\/div>\n<p><span style=\"font-size: 14pt;\">Quelle: www.drc.de<\/span><\/p>\n<\/div>\n<\/div>\n<\/div>\n<\/div>\n<p>&nbsp;<\/p>\n<\/div>\n<\/div>\n<\/div>\n<\/div>\n<\/div>\n<\/div>\n<\/div>\n","protected":false},"excerpt":{"rendered":"<p>Wieviel Bewegung braucht unser Retriever-Welpe? Ausgehend vom Urahnen Wolf sollte man sich vor Augen halten, dass der Junghund erst etwa im Alter von 8 bis 9 Monaten beginnt, das Rudel &hellip;<\/p>\n","protected":false},"author":1,"featured_media":12746,"parent":0,"menu_order":0,"comment_status":"closed","ping_status":"closed","template":"","meta":{"footnotes":""},"class_list":["post-4085","page","type-page","status-publish","has-post-thumbnail","hentry"],"_links":{"self":[{"href":"http:\/\/autumn-breeze.de\/wordpress\/index.php?rest_route=\/wp\/v2\/pages\/4085","targetHints":{"allow":["GET"]}}],"collection":[{"href":"http:\/\/autumn-breeze.de\/wordpress\/index.php?rest_route=\/wp\/v2\/pages"}],"about":[{"href":"http:\/\/autumn-breeze.de\/wordpress\/index.php?rest_route=\/wp\/v2\/types\/page"}],"author":[{"embeddable":true,"href":"http:\/\/autumn-breeze.de\/wordpress\/index.php?rest_route=\/wp\/v2\/users\/1"}],"replies":[{"embeddable":true,"href":"http:\/\/autumn-breeze.de\/wordpress\/index.php?rest_route=%2Fwp%2Fv2%2Fcomments&post=4085"}],"version-history":[{"count":8,"href":"http:\/\/autumn-breeze.de\/wordpress\/index.php?rest_route=\/wp\/v2\/pages\/4085\/revisions"}],"predecessor-version":[{"id":11742,"href":"http:\/\/autumn-breeze.de\/wordpress\/index.php?rest_route=\/wp\/v2\/pages\/4085\/revisions\/11742"}],"wp:featuredmedia":[{"embeddable":true,"href":"http:\/\/autumn-breeze.de\/wordpress\/index.php?rest_route=\/wp\/v2\/media\/12746"}],"wp:attachment":[{"href":"http:\/\/autumn-breeze.de\/wordpress\/index.php?rest_route=%2Fwp%2Fv2%2Fmedia&parent=4085"}],"curies":[{"name":"wp","href":"https:\/\/api.w.org\/{rel}","templated":true}]}}